{"id":7175,"date":"2020-12-15T14:49:47","date_gmt":"2020-12-15T13:49:47","guid":{"rendered":"https:\/\/wrosip.pl\/strona-glowna\/e-uslugi-dla-urzednikow\/"},"modified":"2022-03-23T14:17:36","modified_gmt":"2022-03-23T13:17:36","slug":"e-uslugi-dla-urzednikow","status":"publish","type":"page","link":"https:\/\/wrosip.pl\/en\/strona-glowna\/e-uslugi-dla-urzednikow\/","title":{"rendered":"e- Services for officials"},"content":{"rendered":"<p>Us\u0142ugi przeznaczone dla pracownik\u00f3w administracji publicznej (m.in. Starostwo Powiatowe we Wroc\u0142awiu, urz\u0119dy gmin, urz\u0119dy skarbowe) umo\u017cliwiaj\u0105ce wgl\u0105d do danych przedmiotowych i podmiotowych, w tym danych osobowych ewidencji grunt\u00f3w i budynk\u00f3w. Pozwalaj\u0105 na prowadzenie innych rejestr\u00f3w, tj. EMUiA (Ewidencja Miejscowo\u015bci, Ulic i Adres\u00f3w) czy EMK (ewidencja mienia komunalnego). Us\u0142ugi s\u0105 dost\u0119pne tylko dla uprawnionych podmiot\u00f3w.<\/p>\n<p><a href=\"https:\/\/ewid.wrosip.pl\/IntraEwid\" target=\"_blank\" rel=\"noopener noreferrer\"><strong>Wejd\u017a do e-us\u0142ug dla Urz\u0119dnika<\/strong><\/a><\/p>\n","protected":false},"excerpt":{"rendered":"<p>Us\u0142ugi przeznaczone dla pracownik\u00f3w administracji publicznej (m.in. Starostwo Powiatowe we Wroc\u0142awiu, urz\u0119dy gmin, urz\u0119dy skarbowe) umo\u017cliwiaj\u0105ce wgl\u0105d do danych przedmiotowych i podmiotowych, w tym danych osobowych ewidencji&#8230;<\/p>\n","protected":false},"author":3,"featured_media":2453,"parent":7118,"menu_order":300,"comment_status":"closed","ping_status":"closed","template":"p-serwisy-tematyczne.php","meta":{"_acf_changed":false,"footnotes":""},"class_list":["post-7175","page","type-page","status-publish","has-post-thumbnail","hentry"],"acf":[],"_links":{"self":[{"href":"https:\/\/wrosip.pl\/en\/wp-json\/wp\/v2\/pages\/7175","targetHints":{"allow":["GET"]}}],"collection":[{"href":"https:\/\/wrosip.pl\/en\/wp-json\/wp\/v2\/pages"}],"about":[{"href":"https:\/\/wrosip.pl\/en\/wp-json\/wp\/v2\/types\/page"}],"author":[{"embeddable":true,"href":"https:\/\/wrosip.pl\/en\/wp-json\/wp\/v2\/users\/3"}],"replies":[{"embeddable":true,"href":"https:\/\/wrosip.pl\/en\/wp-json\/wp\/v2\/comments?post=7175"}],"version-history":[{"count":1,"href":"https:\/\/wrosip.pl\/en\/wp-json\/wp\/v2\/pages\/7175\/revisions"}],"predecessor-version":[{"id":7176,"href":"https:\/\/wrosip.pl\/en\/wp-json\/wp\/v2\/pages\/7175\/revisions\/7176"}],"up":[{"embeddable":true,"href":"https:\/\/wrosip.pl\/en\/wp-json\/wp\/v2\/pages\/7118"}],"wp:featuredmedia":[{"embeddable":true,"href":"https:\/\/wrosip.pl\/en\/wp-json\/wp\/v2\/media\/2453"}],"wp:attachment":[{"href":"https:\/\/wrosip.pl\/en\/wp-json\/wp\/v2\/media?parent=7175"}],"curies":[{"name":"wp","href":"https:\/\/api.w.org\/{rel}","templated":true}]}}