{"id":7171,"date":"2020-12-15T14:49:10","date_gmt":"2020-12-15T13:49:10","guid":{"rendered":"https:\/\/wrosip.pl\/strona-glowna\/e-uslugi-dla-kazdego\/"},"modified":"2022-03-23T14:16:24","modified_gmt":"2022-03-23T13:16:24","slug":"e-uslugi-dla-kazdego","status":"publish","type":"page","link":"https:\/\/wrosip.pl\/en\/strona-glowna\/e-uslugi-dla-kazdego\/","title":{"rendered":"e-Services for everyone"},"content":{"rendered":"<div class=\"itemFullText\">\n<p>Us\u0142ugi przeznaczone dla ka\u017cdego interesanta. Umo\u017cliwiaj\u0105 zam\u00f3wienie materia\u0142\u00f3w zasobu oraz dokument\u00f3w wymaganych do cel\u00f3w prawnych w szczeg\u00f3lno\u015bci:<\/p>\n<ul>\n<li>przyj\u0119cie i obs\u0142uga wniosku o wydanie wypisu i wyrysu z ewidencji grunt\u00f3w i budynk\u00f3w,<\/li>\n<li>przyj\u0119cie i obs\u0142uga wniosku o udost\u0119pnienie mapy ewidencji grunt\u00f3w i budynk\u00f3w,<\/li>\n<li>przyj\u0119cie i obs\u0142uga wniosku o udost\u0119pnienie mapy zasadniczej,<\/li>\n<\/ul>\n<p>Istnieje mo\u017cliwo\u015b\u0107 dokonania p\u0142atno\u015bci i pobrania materia\u0142\u00f3w w formie elektronicznej. Logowanie do e-us\u0142ug mo\u017cliwe jest poprzez Profil Zaufany (eGO).<\/p>\n<p><a href=\"https:\/\/ewid.wrosip.pl\/dokuweb\/doku.php?id=nowywebewid:portal_interesanta\">Instrukcja korzystania z e-us\u0142ug dla Ka\u017cdego<\/a>\u00a0oraz\u00a0<a href=\"https:\/\/ewid.wrosip.pl\/cms\/?page_id=1679\">pomocnicze filmy<\/a>.<\/p>\n<p><a href=\"https:\/\/ewid.wrosip.pl\/e-uslugi\/portal-interesanta\" target=\"_blank\" rel=\"noopener noreferrer\"><strong>Wejd\u017a do e &#8211; us\u0142ug dla Ka\u017cdego<\/strong><\/a><\/p>\n<\/div>\n","protected":false},"excerpt":{"rendered":"<p>Us\u0142ugi przeznaczone dla ka\u017cdego interesanta. Umo\u017cliwiaj\u0105 zam\u00f3wienie materia\u0142\u00f3w zasobu oraz dokument\u00f3w wymaganych do cel\u00f3w prawnych w szczeg\u00f3lno\u015bci: przyj\u0119cie i obs\u0142uga wniosku o wydanie wypisu i wyrysu z&#8230;<\/p>\n","protected":false},"author":3,"featured_media":9174,"parent":7118,"menu_order":260,"comment_status":"closed","ping_status":"closed","template":"p-serwisy-tematyczne.php","meta":{"_acf_changed":false,"footnotes":""},"class_list":["post-7171","page","type-page","status-publish","has-post-thumbnail","hentry"],"acf":[],"_links":{"self":[{"href":"https:\/\/wrosip.pl\/en\/wp-json\/wp\/v2\/pages\/7171","targetHints":{"allow":["GET"]}}],"collection":[{"href":"https:\/\/wrosip.pl\/en\/wp-json\/wp\/v2\/pages"}],"about":[{"href":"https:\/\/wrosip.pl\/en\/wp-json\/wp\/v2\/types\/page"}],"author":[{"embeddable":true,"href":"https:\/\/wrosip.pl\/en\/wp-json\/wp\/v2\/users\/3"}],"replies":[{"embeddable":true,"href":"https:\/\/wrosip.pl\/en\/wp-json\/wp\/v2\/comments?post=7171"}],"version-history":[{"count":1,"href":"https:\/\/wrosip.pl\/en\/wp-json\/wp\/v2\/pages\/7171\/revisions"}],"predecessor-version":[{"id":7172,"href":"https:\/\/wrosip.pl\/en\/wp-json\/wp\/v2\/pages\/7171\/revisions\/7172"}],"up":[{"embeddable":true,"href":"https:\/\/wrosip.pl\/en\/wp-json\/wp\/v2\/pages\/7118"}],"wp:featuredmedia":[{"embeddable":true,"href":"https:\/\/wrosip.pl\/en\/wp-json\/wp\/v2\/media\/9174"}],"wp:attachment":[{"href":"https:\/\/wrosip.pl\/en\/wp-json\/wp\/v2\/media?parent=7171"}],"curies":[{"name":"wp","href":"https:\/\/api.w.org\/{rel}","templated":true}]}}