{"id":7168,"date":"2020-12-15T14:45:46","date_gmt":"2020-12-15T13:45:46","guid":{"rendered":"https:\/\/wrosip.pl\/strona-glowna\/aplikacja-mobilna\/"},"modified":"2022-03-23T14:14:28","modified_gmt":"2022-03-23T13:14:28","slug":"aplikacja-mobilna","status":"publish","type":"page","link":"https:\/\/wrosip.pl\/en\/strona-glowna\/aplikacja-mobilna\/","title":{"rendered":"Mobile app"},"content":{"rendered":"<p>Aplikacja wroSIP mobile zapewnia dost\u0119p do danych i us\u0142ug przestrzennych z obszaru powiatu wroc\u0142awskiego.<br \/>\nJest to mobilna wersja internetowego serwisu map wroSIP, budowanego w oparciu o &#8220;Porozumienie w sprawie wsp\u00f3lnej budowy Systemu Informacji Przestrzennej Powiatu Wroc\u0142awskiego wroSIP&#8221; zawartego pomi\u0119dzy Powiatem Wroc\u0142awskim i Gminami: Czernic\u0105, D\u0142ugo\u0142\u0119k\u0105, Jordanowem \u015al\u0105skim, K\u0105tami Wroc\u0142awskimi, Kobierzycami, Mietkowem, Siechnicami, Sob\u00f3tk\u0105 i \u017b\u00f3rawin\u0105.<\/p>\n","protected":false},"excerpt":{"rendered":"<p>Aplikacja wroSIP mobile zapewnia dost\u0119p do danych i us\u0142ug przestrzennych z obszaru powiatu wroc\u0142awskiego. Jest to mobilna wersja internetowego serwisu map wroSIP, budowanego w oparciu o &#8220;Porozumienie&#8230;<\/p>\n","protected":false},"author":3,"featured_media":2445,"parent":7118,"menu_order":220,"comment_status":"closed","ping_status":"closed","template":"p-serwisy-tematyczne.php","meta":{"_acf_changed":false,"footnotes":""},"class_list":["post-7168","page","type-page","status-publish","has-post-thumbnail","hentry"],"acf":[],"_links":{"self":[{"href":"https:\/\/wrosip.pl\/en\/wp-json\/wp\/v2\/pages\/7168","targetHints":{"allow":["GET"]}}],"collection":[{"href":"https:\/\/wrosip.pl\/en\/wp-json\/wp\/v2\/pages"}],"about":[{"href":"https:\/\/wrosip.pl\/en\/wp-json\/wp\/v2\/types\/page"}],"author":[{"embeddable":true,"href":"https:\/\/wrosip.pl\/en\/wp-json\/wp\/v2\/users\/3"}],"replies":[{"embeddable":true,"href":"https:\/\/wrosip.pl\/en\/wp-json\/wp\/v2\/comments?post=7168"}],"version-history":[{"count":1,"href":"https:\/\/wrosip.pl\/en\/wp-json\/wp\/v2\/pages\/7168\/revisions"}],"predecessor-version":[{"id":7169,"href":"https:\/\/wrosip.pl\/en\/wp-json\/wp\/v2\/pages\/7168\/revisions\/7169"}],"up":[{"embeddable":true,"href":"https:\/\/wrosip.pl\/en\/wp-json\/wp\/v2\/pages\/7118"}],"wp:featuredmedia":[{"embeddable":true,"href":"https:\/\/wrosip.pl\/en\/wp-json\/wp\/v2\/media\/2445"}],"wp:attachment":[{"href":"https:\/\/wrosip.pl\/en\/wp-json\/wp\/v2\/media?parent=7168"}],"curies":[{"name":"wp","href":"https:\/\/api.w.org\/{rel}","templated":true}]}}