{"id":7165,"date":"2021-07-30T10:34:57","date_gmt":"2021-07-30T08:34:57","guid":{"rendered":"https:\/\/wrosip.pl\/strona-glowna\/dzialki-i-budynki-pliki-do-pobrania\/"},"modified":"2022-03-23T14:13:41","modified_gmt":"2022-03-23T13:13:41","slug":"dzialki-i-budynki-pliki-do-pobrania","status":"publish","type":"page","link":"https:\/\/wrosip.pl\/en\/strona-glowna\/dzialki-i-budynki-pliki-do-pobrania\/","title":{"rendered":"Data free of charge &#8211; download"},"content":{"rendered":"<p>Zgodnie z art. 40a ust. 2 pkt 1 lit. g, i oraz j ustawy z dnia 17 maja 1989 r. Prawo geodezyjne i kartograficzne udost\u0119pniamy zbiory danych dotycz\u0105ce:<\/p>\n<ul>\n<li>szczeg\u00f3\u0142owych osn\u00f3w geodezyjnych,<\/li>\n<li>dzia\u0142ek ewidencyjnych w zakresie ich identyfikator\u00f3w i geometrii,<\/li>\n<li>budynk\u00f3w w zakresie ich identyfikator\u00f3w, geometrii i rodzaju wed\u0142ug Klasyfikacji \u015arodk\u00f3w Trwa\u0142ych.<\/li>\n<\/ul>\n<p>Zbiory danych udost\u0119pniane s\u0105 w formacie <strong>GML.<\/strong><\/p>\n<p>Zbiory danych z bazy danych szczeg\u00f3\u0142owych osn\u00f3w geodezyjnych\u00a0 generowane b\u0119d\u0105 po ka\u017cdej zmianie danych.<\/p>\n<p>Zbiory danych z bazy ewidencji grunt\u00f3w i budynk\u00f3w generowane s\u0105 cyklicznie pierwszego dnia miesi\u0105ca<strong>.<\/strong> W przypadku kiedy ten dzie\u0144 przypadnie w dzie\u0144 wolny od pracy\u00a0 wygenerowanie zbior\u00f3w danych nast\u0105pi w kolejnym, pierwszym dniu roboczym.<\/p>\n<p>W <a href=\"https:\/\/ewid.wrosip.pl\/e-uslugi\/portal-interesanta\"><em>Portalu Interesanta (E-Us\u0142ugi Dla Ka\u017cdego) <\/em><\/a>istnieje tak\u017ce mo\u017cliwo\u015b\u0107 zam\u00f3wienia aktualnych danych na dzie\u0144 z\u0142o\u017cenia wniosku.<\/p>\n","protected":false},"excerpt":{"rendered":"<p>Zgodnie z art. 40a ust. 2 pkt 1 lit. g, i oraz j ustawy z dnia 17 maja 1989 r. Prawo geodezyjne i kartograficzne udost\u0119pniamy zbiory danych&#8230;<\/p>\n","protected":false},"author":933,"featured_media":7166,"parent":7118,"menu_order":200,"comment_status":"closed","ping_status":"closed","template":"p-serwisy-tematyczne.php","meta":{"_acf_changed":false,"footnotes":""},"class_list":["post-7165","page","type-page","status-publish","has-post-thumbnail","hentry"],"acf":[],"_links":{"self":[{"href":"https:\/\/wrosip.pl\/en\/wp-json\/wp\/v2\/pages\/7165","targetHints":{"allow":["GET"]}}],"collection":[{"href":"https:\/\/wrosip.pl\/en\/wp-json\/wp\/v2\/pages"}],"about":[{"href":"https:\/\/wrosip.pl\/en\/wp-json\/wp\/v2\/types\/page"}],"author":[{"embeddable":true,"href":"https:\/\/wrosip.pl\/en\/wp-json\/wp\/v2\/users\/933"}],"replies":[{"embeddable":true,"href":"https:\/\/wrosip.pl\/en\/wp-json\/wp\/v2\/comments?post=7165"}],"version-history":[{"count":1,"href":"https:\/\/wrosip.pl\/en\/wp-json\/wp\/v2\/pages\/7165\/revisions"}],"predecessor-version":[{"id":7167,"href":"https:\/\/wrosip.pl\/en\/wp-json\/wp\/v2\/pages\/7165\/revisions\/7167"}],"up":[{"embeddable":true,"href":"https:\/\/wrosip.pl\/en\/wp-json\/wp\/v2\/pages\/7118"}],"wp:featuredmedia":[{"embeddable":true,"href":"https:\/\/wrosip.pl\/en\/wp-json\/wp\/v2\/media\/7166"}],"wp:attachment":[{"href":"https:\/\/wrosip.pl\/en\/wp-json\/wp\/v2\/media?parent=7165"}],"curies":[{"name":"wp","href":"https:\/\/api.w.org\/{rel}","templated":true}]}}