{"id":7153,"date":"2020-12-07T22:38:10","date_gmt":"2020-12-07T21:38:10","guid":{"rendered":"https:\/\/wrosip.pl\/strona-glowna\/modul-ogolny\/"},"modified":"2022-03-23T14:06:42","modified_gmt":"2022-03-23T13:06:42","slug":"modul-ogolny","status":"publish","type":"page","link":"https:\/\/wrosip.pl\/en\/strona-glowna\/modul-ogolny\/","title":{"rendered":"Region portal"},"content":{"rendered":"<p>Modu\u0142 umo\u017cliwia prowadzenie r\u00f3\u017cnego rodzaju warstw informacyjnych cechuj\u0105cych si\u0119 ograniczonym (\u201eniewielkim ilo\u015bciowo\u201d) zakresem informacyjnym opisuj\u0105cym dany obiekt lub zdarzenie. Dodatkowo prezentuje opracowywany obszar w postaci pogl\u0105dowej (tj. bez okre\u015blonej tematyki) jako map\u0119 og\u00f3lnogeograficzn\u0105. Dzi\u0119ki wydzieleniu ortofotomap z poszczeg\u00f3lnych lat oraz zdj\u0119\u0107 lotniczych do osobnych serwis\u00f3w istnieje mo\u017cliwo\u015b\u0107 ich niezale\u017cnego w\u0142\u0105czania i wy\u0142\u0105czania przy jednoczesnym zastosowaniu technologii \u201ekafelkowania\u201d (cache) obrazu danych, co pozwoli zapewni\u0107 wi\u0119ksz\u0105 wydajno\u015b\u0107 modu\u0142u. Taka sama logika zosta\u0142a zastosowana w pozosta\u0142ych modu\u0142ach, st\u0105d nie b\u0119dzie ona ponownie dla nich opisywana.<\/p>\n","protected":false},"excerpt":{"rendered":"<p>Modu\u0142 umo\u017cliwia prowadzenie r\u00f3\u017cnego rodzaju warstw informacyjnych cechuj\u0105cych si\u0119 ograniczonym (\u201eniewielkim ilo\u015bciowo\u201d) zakresem informacyjnym opisuj\u0105cym dany obiekt lub zdarzenie. Dodatkowo prezentuje opracowywany obszar w postaci pogl\u0105dowej (tj&#8230;.<\/p>\n","protected":false},"author":3,"featured_media":2427,"parent":7118,"menu_order":20,"comment_status":"closed","ping_status":"closed","template":"p-serwisy-tematyczne.php","meta":{"_acf_changed":false,"footnotes":""},"class_list":["post-7153","page","type-page","status-publish","has-post-thumbnail","hentry"],"acf":[],"_links":{"self":[{"href":"https:\/\/wrosip.pl\/en\/wp-json\/wp\/v2\/pages\/7153","targetHints":{"allow":["GET"]}}],"collection":[{"href":"https:\/\/wrosip.pl\/en\/wp-json\/wp\/v2\/pages"}],"about":[{"href":"https:\/\/wrosip.pl\/en\/wp-json\/wp\/v2\/types\/page"}],"author":[{"embeddable":true,"href":"https:\/\/wrosip.pl\/en\/wp-json\/wp\/v2\/users\/3"}],"replies":[{"embeddable":true,"href":"https:\/\/wrosip.pl\/en\/wp-json\/wp\/v2\/comments?post=7153"}],"version-history":[{"count":3,"href":"https:\/\/wrosip.pl\/en\/wp-json\/wp\/v2\/pages\/7153\/revisions"}],"predecessor-version":[{"id":7156,"href":"https:\/\/wrosip.pl\/en\/wp-json\/wp\/v2\/pages\/7153\/revisions\/7156"}],"up":[{"embeddable":true,"href":"https:\/\/wrosip.pl\/en\/wp-json\/wp\/v2\/pages\/7118"}],"wp:featuredmedia":[{"embeddable":true,"href":"https:\/\/wrosip.pl\/en\/wp-json\/wp\/v2\/media\/2427"}],"wp:attachment":[{"href":"https:\/\/wrosip.pl\/en\/wp-json\/wp\/v2\/media?parent=7153"}],"curies":[{"name":"wp","href":"https:\/\/api.w.org\/{rel}","templated":true}]}}