{"id":7150,"date":"2020-12-07T22:39:00","date_gmt":"2020-12-07T21:39:00","guid":{"rendered":"https:\/\/wrosip.pl\/strona-glowna\/infrastruktura\/"},"modified":"2022-03-23T14:07:01","modified_gmt":"2022-03-23T13:07:01","slug":"infrastruktura","status":"publish","type":"page","link":"https:\/\/wrosip.pl\/en\/strona-glowna\/infrastruktura\/","title":{"rendered":"Infrastructure"},"content":{"rendered":"<p>W module prezentowana jest m.in. mapa zasadnicza, kt\u00f3ra zgodnie z art. 53b ust. 2 ustawy z dnia 17 maja 1989 r. Prawo geodezyjne i kartograficzne jest prowadzona w postaci wektorowej lub w postaci rastrowej uzupe\u0142nianej systematycznie danymi wektorowymi. Zmiany w zakresie rastra aktualizowane s\u0105 w serwisie mapowym w cyklu miesi\u0119cznym (ostatnia aktualizacja 14 marca br.). Aktualny stan pokrycia obszaru powiatu map\u0105 zasadnicz\u0105 prezentuje warstwa pokrycie map\u0105 rastrowo-wektorow\u0105 znajduj\u0105ca si\u0119 w folderze <i>Skorowidze<\/i>.<\/p>\n","protected":false},"excerpt":{"rendered":"<p>W module prezentowana jest m.in. mapa zasadnicza, kt\u00f3ra zgodnie z art. 53b ust. 2 ustawy z dnia 17 maja 1989 r. Prawo geodezyjne i kartograficzne jest prowadzona&#8230;<\/p>\n","protected":false},"author":3,"featured_media":2429,"parent":7118,"menu_order":40,"comment_status":"closed","ping_status":"closed","template":"p-serwisy-tematyczne.php","meta":{"_acf_changed":false,"footnotes":""},"class_list":["post-7150","page","type-page","status-publish","has-post-thumbnail","hentry"],"acf":[],"_links":{"self":[{"href":"https:\/\/wrosip.pl\/en\/wp-json\/wp\/v2\/pages\/7150","targetHints":{"allow":["GET"]}}],"collection":[{"href":"https:\/\/wrosip.pl\/en\/wp-json\/wp\/v2\/pages"}],"about":[{"href":"https:\/\/wrosip.pl\/en\/wp-json\/wp\/v2\/types\/page"}],"author":[{"embeddable":true,"href":"https:\/\/wrosip.pl\/en\/wp-json\/wp\/v2\/users\/3"}],"replies":[{"embeddable":true,"href":"https:\/\/wrosip.pl\/en\/wp-json\/wp\/v2\/comments?post=7150"}],"version-history":[{"count":3,"href":"https:\/\/wrosip.pl\/en\/wp-json\/wp\/v2\/pages\/7150\/revisions"}],"predecessor-version":[{"id":7157,"href":"https:\/\/wrosip.pl\/en\/wp-json\/wp\/v2\/pages\/7150\/revisions\/7157"}],"up":[{"embeddable":true,"href":"https:\/\/wrosip.pl\/en\/wp-json\/wp\/v2\/pages\/7118"}],"wp:featuredmedia":[{"embeddable":true,"href":"https:\/\/wrosip.pl\/en\/wp-json\/wp\/v2\/media\/2429"}],"wp:attachment":[{"href":"https:\/\/wrosip.pl\/en\/wp-json\/wp\/v2\/media?parent=7150"}],"curies":[{"name":"wp","href":"https:\/\/api.w.org\/{rel}","templated":true}]}}