{"id":7147,"date":"2020-12-07T22:39:15","date_gmt":"2020-12-07T21:39:15","guid":{"rendered":"https:\/\/wrosip.pl\/strona-glowna\/ochrona-przyrody\/"},"modified":"2022-03-23T14:07:22","modified_gmt":"2022-03-23T13:07:22","slug":"ochrona-przyrody","status":"publish","type":"page","link":"https:\/\/wrosip.pl\/en\/strona-glowna\/ochrona-przyrody\/","title":{"rendered":"Nature Conservation"},"content":{"rendered":"<p>W module prezentowane s\u0105 informacje dotycz\u0105ce form ochrony przyrody pozyskane z projektu Natura 2000 (parki krajobrazowe, rezerwaty, obszary specjalnej ochrony ptak\u00f3w, obszary chronionego krajobrazu, zespo\u0142y przyrodniczo &#8211; krajobrazowe), mapy glebowo &#8211; rolnicze, a tak\u017ce w wersji przeznaczonej dla u\u017cytkownik\u00f3w autoryzowanych &#8211; warstwy zawieraj\u0105ce informacje o z\u0142o\u017cach, terenach i obszarach g\u00f3rniczych. Wkr\u00f3tce udost\u0119pniona zostanie warstwa stref ochrony uj\u0119\u0107 wody.<\/p>\n","protected":false},"excerpt":{"rendered":"<p>W module prezentowane s\u0105 informacje dotycz\u0105ce form ochrony przyrody pozyskane z projektu Natura 2000 (parki krajobrazowe, rezerwaty, obszary specjalnej ochrony ptak\u00f3w, obszary chronionego krajobrazu, zespo\u0142y przyrodniczo &#8211;&#8230;<\/p>\n","protected":false},"author":3,"featured_media":2431,"parent":7118,"menu_order":60,"comment_status":"closed","ping_status":"closed","template":"p-serwisy-tematyczne.php","meta":{"_acf_changed":false,"footnotes":""},"class_list":["post-7147","page","type-page","status-publish","has-post-thumbnail","hentry"],"acf":[],"_links":{"self":[{"href":"https:\/\/wrosip.pl\/en\/wp-json\/wp\/v2\/pages\/7147","targetHints":{"allow":["GET"]}}],"collection":[{"href":"https:\/\/wrosip.pl\/en\/wp-json\/wp\/v2\/pages"}],"about":[{"href":"https:\/\/wrosip.pl\/en\/wp-json\/wp\/v2\/types\/page"}],"author":[{"embeddable":true,"href":"https:\/\/wrosip.pl\/en\/wp-json\/wp\/v2\/users\/3"}],"replies":[{"embeddable":true,"href":"https:\/\/wrosip.pl\/en\/wp-json\/wp\/v2\/comments?post=7147"}],"version-history":[{"count":3,"href":"https:\/\/wrosip.pl\/en\/wp-json\/wp\/v2\/pages\/7147\/revisions"}],"predecessor-version":[{"id":7158,"href":"https:\/\/wrosip.pl\/en\/wp-json\/wp\/v2\/pages\/7147\/revisions\/7158"}],"up":[{"embeddable":true,"href":"https:\/\/wrosip.pl\/en\/wp-json\/wp\/v2\/pages\/7118"}],"wp:featuredmedia":[{"embeddable":true,"href":"https:\/\/wrosip.pl\/en\/wp-json\/wp\/v2\/media\/2431"}],"wp:attachment":[{"href":"https:\/\/wrosip.pl\/en\/wp-json\/wp\/v2\/media?parent=7147"}],"curies":[{"name":"wp","href":"https:\/\/api.w.org\/{rel}","templated":true}]}}