{"id":7141,"date":"2020-12-14T11:18:25","date_gmt":"2020-12-14T10:18:25","guid":{"rendered":"https:\/\/wrosip.pl\/strona-glowna\/kultura-i-zabytki\/"},"modified":"2022-03-23T14:07:53","modified_gmt":"2022-03-23T13:07:53","slug":"kultura-i-zabytki","status":"publish","type":"page","link":"https:\/\/wrosip.pl\/en\/strona-glowna\/kultura-i-zabytki\/","title":{"rendered":"Culture and monuments"},"content":{"rendered":"<p><img loading=\"lazy\" decoding=\"async\" class=\"img45 alignnone wp-image-2726\" src=\"https:\/\/wrosip.pl\/wp-content\/uploads\/2020\/12\/RPO.png\" alt=\"\" width=\"360\" height=\"75\" srcset=\"https:\/\/wrosip.pl\/wp-content\/uploads\/2020\/12\/RPO.png 609w, https:\/\/wrosip.pl\/wp-content\/uploads\/2020\/12\/RPO-300x63.png 300w\" sizes=\"auto, (max-width: 360px) 100vw, 360px\" \/><br \/>\nModu\u0142 powsta\u0142 w ramach projektu pn.: \u201eRozbudowa Systemu Informacji Przestrzennej Powiatu Wroc\u0142awskiego wroSIP \u2013 komponent turystyka i kultura\u201d realizowanego w ramach priorytetu nr 6 \u201eWykorzystanie i promocja potencja\u0142u turystycznego i kulturowego Dolnego \u015al\u0105ska (Turystyka i Kultura)\u201d Dzia\u0142anie nr 6.5 \u201eDzia\u0142ania wspieraj\u0105ce infrastruktur\u0119 turystyczn\u0105 i kulturow\u0105\u201d Regionalnego Programu Operacyjnego dla Wojew\u00f3dztwa Dolno\u015bl\u0105skiego na lata 2007-2013.<br \/>\nModu\u0142 zosta\u0142 zaprojektowany do przegl\u0105dania i prowadzenia rejestru zabytk\u00f3w oraz gminnej ewidencji zabytk\u00f3w. Ponadto pozwala na przygotowanie i wydruk dowolnie zdefiniowanych zestawie\u0144 tematycznych oraz topograficznych, a tak\u017ce wydruk kart adresowych dla poszczeg\u00f3lnych obiekt\u00f3w zabytkowych. Zakres udost\u0119pnionej w nim informacji spe\u0142nia wymogi rozporz\u0105dzenia Ustawa z dnia 23 lipca 2003 r. o ochronie zabytk\u00f3w i opiece nad zabytkami. Modu\u0142 umo\u017cliwia gromadzenie informacji o zabytkach w spos\u00f3b zgodny z opracowanym przez Narodowy Instytut Dziedzictwa modelem danych dla zabytk\u00f3w.<br \/>\nU\u017cytkownicy z odpowiednimi uprawnieniami maj\u0105 mo\u017cliwo\u015b\u0107 dodawania nowych obiekt\u00f3w poprzez wkre\u015blenie zasi\u0119gu zabytku, dodanie opisu zawieraj\u0105cego podstawowe informacje oraz dodanie zdj\u0119\u0107 i innych za\u0142\u0105cznik\u00f3w.<br \/>\nOsoby zainteresowane przegl\u0105daniem i wyszukiwaniem zabytk\u00f3w mog\u0105 dokonywa\u0107 wyboru wed\u0142ug interesuj\u0105cych ich kryteri\u00f3w. Narz\u0119dzia do wyszukiwania zabytk\u00f3w pozwalaj\u0105 na ich filtrowanie wed\u0142ug kategorii takich jak lokalizacja, nazwa zabytku, forma ochrony, data powstania (wiek, data od i do) oraz zaw\u0119\u017cenie poszukiwa\u0144 do wybranego obszaru mapy. Istnieje mo\u017cliwo\u015b\u0107 wygenerowania oraz wydrukowania informacji o zabytkach w postaci zestawienia tabelarycznego z atrybutami opisowymi.<\/p>\n","protected":false},"excerpt":{"rendered":"<p>Modu\u0142 powsta\u0142 w ramach projektu pn.: \u201eRozbudowa Systemu Informacji Przestrzennej Powiatu Wroc\u0142awskiego wroSIP \u2013 komponent turystyka i kultura\u201d realizowanego w ramach priorytetu nr 6 \u201eWykorzystanie i promocja&#8230;<\/p>\n","protected":false},"author":3,"featured_media":2439,"parent":7118,"menu_order":90,"comment_status":"closed","ping_status":"closed","template":"p-serwisy-tematyczne.php","meta":{"_acf_changed":false,"footnotes":""},"class_list":["post-7141","page","type-page","status-publish","has-post-thumbnail","hentry"],"acf":[],"_links":{"self":[{"href":"https:\/\/wrosip.pl\/en\/wp-json\/wp\/v2\/pages\/7141","targetHints":{"allow":["GET"]}}],"collection":[{"href":"https:\/\/wrosip.pl\/en\/wp-json\/wp\/v2\/pages"}],"about":[{"href":"https:\/\/wrosip.pl\/en\/wp-json\/wp\/v2\/types\/page"}],"author":[{"embeddable":true,"href":"https:\/\/wrosip.pl\/en\/wp-json\/wp\/v2\/users\/3"}],"replies":[{"embeddable":true,"href":"https:\/\/wrosip.pl\/en\/wp-json\/wp\/v2\/comments?post=7141"}],"version-history":[{"count":3,"href":"https:\/\/wrosip.pl\/en\/wp-json\/wp\/v2\/pages\/7141\/revisions"}],"predecessor-version":[{"id":7160,"href":"https:\/\/wrosip.pl\/en\/wp-json\/wp\/v2\/pages\/7141\/revisions\/7160"}],"up":[{"embeddable":true,"href":"https:\/\/wrosip.pl\/en\/wp-json\/wp\/v2\/pages\/7118"}],"wp:featuredmedia":[{"embeddable":true,"href":"https:\/\/wrosip.pl\/en\/wp-json\/wp\/v2\/media\/2439"}],"wp:attachment":[{"href":"https:\/\/wrosip.pl\/en\/wp-json\/wp\/v2\/media?parent=7141"}],"curies":[{"name":"wp","href":"https:\/\/api.w.org\/{rel}","templated":true}]}}