{"id":7138,"date":"2020-12-15T14:42:55","date_gmt":"2020-12-15T13:42:55","guid":{"rendered":"https:\/\/wrosip.pl\/strona-glowna\/turystyka-sport-i-rekreacja\/"},"modified":"2022-03-23T14:08:07","modified_gmt":"2022-03-23T13:08:07","slug":"turystyka-sport-i-rekreacja","status":"publish","type":"page","link":"https:\/\/wrosip.pl\/en\/strona-glowna\/turystyka-sport-i-rekreacja\/","title":{"rendered":"Tourism"},"content":{"rendered":"<p><img loading=\"lazy\" decoding=\"async\" class=\"alignnone size-full wp-image-2726\" src=\"https:\/\/wrosip.pl\/wp-content\/uploads\/2020\/12\/RPO.png\" alt=\"\" width=\"609\" height=\"127\" srcset=\"https:\/\/wrosip.pl\/wp-content\/uploads\/2020\/12\/RPO.png 609w, https:\/\/wrosip.pl\/wp-content\/uploads\/2020\/12\/RPO-300x63.png 300w\" sizes=\"auto, (max-width: 609px) 100vw, 609px\" \/><br \/>\nModu\u0142 powsta\u0142 w ramach projektu pn.: \u201eRozbudowa Systemu Informacji Przestrzennej Powiatu Wroc\u0142awskiego wroSIP \u2013 komponent turystyka i kultura\u201d realizowanego w ramach priorytetu nr 6 \u201eWykorzystanie i promocja potencja\u0142u turystycznego i kulturowego Dolnego \u015al\u0105ska (Turystyka i Kultura)\u201d Dzia\u0142anie nr 6.5 \u201eDzia\u0142ania wspieraj\u0105ce infrastruktur\u0119 turystyczn\u0105 i kulturow\u0105\u201d Regionalnego Programu Operacyjnego dla Wojew\u00f3dztwa Dolno\u015bl\u0105skiego na lata 2007-2013.<br \/>\nModu\u0142 przedstawia obiekty atrakcyjne turystycznie znajduj\u0105ce si\u0119 na terenie powiatu wroc\u0142awskiego. Ma on charakter interaktywny \u2013 umo\u017cliwia dodawanie nowych obiekt\u00f3w u\u017cytkownikom Internetu. Warunkiem dodawania nowych obiekt\u00f3w jest za\u0142o\u017cenie konta w serwisie mapowym wroSIP. Kontrole nad wprowadzonymi obiektami sprawuje administrator systemu \u2013 weryfikuje poprawno\u015b\u0107 wprowadzonych danych, usuwa dane b\u0142\u0119dne lub nieaktualne. U\u017cytkownicy z odpowiednimi uprawnieniami maj\u0105 mo\u017cliwo\u015b\u0107 dodawania nowych obiekt\u00f3w poprzez wkre\u015blenie lokalizacji obiektu turystycznego (punktowego lub liniowego), dodanie opisu zawieraj\u0105cego podstawowe informacje oraz dodanie zdj\u0119\u0107 lub innych za\u0142\u0105cznik\u00f3w.<br \/>\nOsoby zainteresowane przegl\u0105daniem i wyszukiwaniem obiekt\u00f3w turystycznych mog\u0105 dokonywa\u0107 wyboru wed\u0142ug interesuj\u0105cych ich kryteri\u00f3w. Narz\u0119dzia do wyszukiwania obiekt\u00f3w turystycznych pozwalaj\u0105 na ich filtrowanie wed\u0142ug nazwy, lokalizacji w terenie, a tak\u017ce w podziale na kategorie takie jak atrakcja przyrodnicza, instytucja kultury, noclegi i gastronomia, obiekt sportowy, park, ogr\u00f3d, aleja, punkt widokowy oraz szlak turystyczny. Istnieje mo\u017cliwo\u015b\u0107 wygenerowania oraz wydrukowania mapy z wybranymi obiektami turystycznymi. Do cz\u0119\u015bci obiekt\u00f3w podpi\u0119te s\u0105 zdj\u0119cia panoramiczne pochodz\u0105ce z wirtualnego spaceru, kt\u00f3ry w ca\u0142o\u015bci mo\u017cna obejrze\u0107 <a href=\"http:\/\/wirtualnyspacer.powiatwroclawski.pl\/\">tutaj &gt;&gt;&gt;<\/a><\/p>\n","protected":false},"excerpt":{"rendered":"<p>Modu\u0142 powsta\u0142 w ramach projektu pn.: \u201eRozbudowa Systemu Informacji Przestrzennej Powiatu Wroc\u0142awskiego wroSIP \u2013 komponent turystyka i kultura\u201d realizowanego w ramach priorytetu nr 6 \u201eWykorzystanie i promocja&#8230;<\/p>\n","protected":false},"author":3,"featured_media":2441,"parent":7118,"menu_order":100,"comment_status":"closed","ping_status":"closed","template":"p-serwisy-tematyczne.php","meta":{"_acf_changed":false,"footnotes":""},"class_list":["post-7138","page","type-page","status-publish","has-post-thumbnail","hentry"],"acf":[],"_links":{"self":[{"href":"https:\/\/wrosip.pl\/en\/wp-json\/wp\/v2\/pages\/7138","targetHints":{"allow":["GET"]}}],"collection":[{"href":"https:\/\/wrosip.pl\/en\/wp-json\/wp\/v2\/pages"}],"about":[{"href":"https:\/\/wrosip.pl\/en\/wp-json\/wp\/v2\/types\/page"}],"author":[{"embeddable":true,"href":"https:\/\/wrosip.pl\/en\/wp-json\/wp\/v2\/users\/3"}],"replies":[{"embeddable":true,"href":"https:\/\/wrosip.pl\/en\/wp-json\/wp\/v2\/comments?post=7138"}],"version-history":[{"count":3,"href":"https:\/\/wrosip.pl\/en\/wp-json\/wp\/v2\/pages\/7138\/revisions"}],"predecessor-version":[{"id":7161,"href":"https:\/\/wrosip.pl\/en\/wp-json\/wp\/v2\/pages\/7138\/revisions\/7161"}],"up":[{"embeddable":true,"href":"https:\/\/wrosip.pl\/en\/wp-json\/wp\/v2\/pages\/7118"}],"wp:featuredmedia":[{"embeddable":true,"href":"https:\/\/wrosip.pl\/en\/wp-json\/wp\/v2\/media\/2441"}],"wp:attachment":[{"href":"https:\/\/wrosip.pl\/en\/wp-json\/wp\/v2\/media?parent=7138"}],"curies":[{"name":"wp","href":"https:\/\/api.w.org\/{rel}","templated":true}]}}