{"id":7133,"date":"2021-07-16T15:27:55","date_gmt":"2021-07-16T13:27:55","guid":{"rendered":"https:\/\/wrosip.pl\/strona-glowna\/mapy-historyczne\/"},"modified":"2022-03-23T14:08:25","modified_gmt":"2022-03-23T13:08:25","slug":"mapy-historyczne","status":"publish","type":"page","link":"https:\/\/wrosip.pl\/en\/strona-glowna\/mapy-historyczne\/","title":{"rendered":"Historical Maps"},"content":{"rendered":"<p>Modu\u0142 przeznaczony do prezentowania historycznych map topograficznych z obszaru powiatu wroc\u0142awskiego. Mapy te, opracowane w skali 1:25 000 i wydane w latach 1936 \u2013 1944 prezentuj\u0105 miejscowo\u015bci, przebieg sieci dr\u00f3g, granice administracyjne czy obiekty fizjograficzne. Dzi\u0119ki dost\u0119pnym w module ortofotomapom mo\u017cna przeanalizowa\u0107 zmiany w zabudowie terenu jakie zasz\u0142y od 1936 roku, mo\u017ce to stanowi\u0107 ciekawy materia\u0142 do analiz. Archiwalne mapy pochodz\u0105 z projektu <a href=\"http:\/\/igrek.amzp.pl\/\">MAPSTER<\/a>.<\/p>\n","protected":false},"excerpt":{"rendered":"<p>Modu\u0142 przeznaczony do prezentowania historycznych map topograficznych z obszaru powiatu wroc\u0142awskiego. Mapy te, opracowane w skali 1:25 000 i wydane w latach 1936 \u2013 1944 prezentuj\u0105 miejscowo\u015bci,&#8230;<\/p>\n","protected":false},"author":932,"featured_media":7134,"parent":7118,"menu_order":120,"comment_status":"closed","ping_status":"closed","template":"p-serwisy-tematyczne.php","meta":{"_acf_changed":false,"footnotes":""},"class_list":["post-7133","page","type-page","status-publish","has-post-thumbnail","hentry"],"acf":[],"_links":{"self":[{"href":"https:\/\/wrosip.pl\/en\/wp-json\/wp\/v2\/pages\/7133","targetHints":{"allow":["GET"]}}],"collection":[{"href":"https:\/\/wrosip.pl\/en\/wp-json\/wp\/v2\/pages"}],"about":[{"href":"https:\/\/wrosip.pl\/en\/wp-json\/wp\/v2\/types\/page"}],"author":[{"embeddable":true,"href":"https:\/\/wrosip.pl\/en\/wp-json\/wp\/v2\/users\/932"}],"replies":[{"embeddable":true,"href":"https:\/\/wrosip.pl\/en\/wp-json\/wp\/v2\/comments?post=7133"}],"version-history":[{"count":3,"href":"https:\/\/wrosip.pl\/en\/wp-json\/wp\/v2\/pages\/7133\/revisions"}],"predecessor-version":[{"id":7162,"href":"https:\/\/wrosip.pl\/en\/wp-json\/wp\/v2\/pages\/7133\/revisions\/7162"}],"up":[{"embeddable":true,"href":"https:\/\/wrosip.pl\/en\/wp-json\/wp\/v2\/pages\/7118"}],"wp:featuredmedia":[{"embeddable":true,"href":"https:\/\/wrosip.pl\/en\/wp-json\/wp\/v2\/media\/7134"}],"wp:attachment":[{"href":"https:\/\/wrosip.pl\/en\/wp-json\/wp\/v2\/media?parent=7133"}],"curies":[{"name":"wp","href":"https:\/\/api.w.org\/{rel}","templated":true}]}}