{"id":7130,"date":"2020-12-07T22:39:52","date_gmt":"2020-12-07T21:39:52","guid":{"rendered":"https:\/\/wrosip.pl\/strona-glowna\/zgloszenia-publiczne\/"},"modified":"2022-03-23T14:12:29","modified_gmt":"2022-03-23T13:12:29","slug":"zgloszenia-publiczne","status":"publish","type":"page","link":"https:\/\/wrosip.pl\/en\/strona-glowna\/zgloszenia-publiczne\/","title":{"rendered":"Public notifications"},"content":{"rendered":"<p>Modu\u0142 umo\u017cliwia zarejestrowanym u\u017cytkownikom zg\u0142aszanie wyst\u0119powania okre\u015blonych zdarze\u0144 poprzez wskazanie ich lokalizacji, opis i dodanie zdj\u0119\u0107 lub innych za\u0142\u0105cznik\u00f3w. Obecnie mo\u017cliwe jest dodanie dw\u00f3ch kategorii zg\u0142osze\u0144, tj. lokalizacji nielegalnego wysypiska i b\u0142\u0119du na mapie. Dodatkowa kategoria &#8220;inne&#8221; obejmuje pozosta\u0142e zg\u0142oszenia, kt\u00f3re w trakcie u\u017cytkowania modu\u0142u zostan\u0105 wydzielone do odr\u0119bnych kategorii na podstawie cz\u0119sto\u015bci wyst\u0119powania. Dodanie zg\u0142oszenia skutkuje pojawieniem si\u0119 na mapie ikony symbolizuj\u0105cej zg\u0142oszenie oraz automatycznym przes\u0142aniem komunikatu o nowym obiekcie do administratora serwisu.<\/p>\n","protected":false},"excerpt":{"rendered":"<p>Modu\u0142 umo\u017cliwia zarejestrowanym u\u017cytkownikom zg\u0142aszanie wyst\u0119powania okre\u015blonych zdarze\u0144 poprzez wskazanie ich lokalizacji, opis i dodanie zdj\u0119\u0107 lub innych za\u0142\u0105cznik\u00f3w. Obecnie mo\u017cliwe jest dodanie dw\u00f3ch kategorii zg\u0142osze\u0144, tj&#8230;.<\/p>\n","protected":false},"author":3,"featured_media":2437,"parent":7118,"menu_order":140,"comment_status":"closed","ping_status":"closed","template":"p-serwisy-tematyczne.php","meta":{"_acf_changed":false,"footnotes":""},"class_list":["post-7130","page","type-page","status-publish","has-post-thumbnail","hentry"],"acf":[],"_links":{"self":[{"href":"https:\/\/wrosip.pl\/en\/wp-json\/wp\/v2\/pages\/7130","targetHints":{"allow":["GET"]}}],"collection":[{"href":"https:\/\/wrosip.pl\/en\/wp-json\/wp\/v2\/pages"}],"about":[{"href":"https:\/\/wrosip.pl\/en\/wp-json\/wp\/v2\/types\/page"}],"author":[{"embeddable":true,"href":"https:\/\/wrosip.pl\/en\/wp-json\/wp\/v2\/users\/3"}],"replies":[{"embeddable":true,"href":"https:\/\/wrosip.pl\/en\/wp-json\/wp\/v2\/comments?post=7130"}],"version-history":[{"count":3,"href":"https:\/\/wrosip.pl\/en\/wp-json\/wp\/v2\/pages\/7130\/revisions"}],"predecessor-version":[{"id":7163,"href":"https:\/\/wrosip.pl\/en\/wp-json\/wp\/v2\/pages\/7130\/revisions\/7163"}],"up":[{"embeddable":true,"href":"https:\/\/wrosip.pl\/en\/wp-json\/wp\/v2\/pages\/7118"}],"wp:featuredmedia":[{"embeddable":true,"href":"https:\/\/wrosip.pl\/en\/wp-json\/wp\/v2\/media\/2437"}],"wp:attachment":[{"href":"https:\/\/wrosip.pl\/en\/wp-json\/wp\/v2\/media?parent=7130"}],"curies":[{"name":"wp","href":"https:\/\/api.w.org\/{rel}","templated":true}]}}