{"id":7126,"date":"2020-12-07T22:39:38","date_gmt":"2020-12-07T21:39:38","guid":{"rendered":"https:\/\/wrosip.pl\/strona-glowna\/sprzedaz-nieruchomosci\/"},"modified":"2022-03-23T14:12:57","modified_gmt":"2022-03-23T13:12:57","slug":"sprzedaz-nieruchomosci","status":"publish","type":"page","link":"https:\/\/wrosip.pl\/en\/strona-glowna\/sprzedaz-nieruchomosci\/","title":{"rendered":"Sales offer of real property"},"content":{"rendered":"<p>Modu\u0142 przeznaczony do prezentacji ofert inwestycyjnych i ofert sprzeda\u017cy nieruchomo\u015bci.<br \/>\nU\u017cytkownicy z odpowiednimi uprawnieniami maj\u0105 mo\u017cliwo\u015b\u0107 publikowania ofert poprzez wkre\u015blenie zasi\u0119gu obszaru obj\u0119tego ofert\u0105, dodanie opisu zawieraj\u0105cego podstawowe informacje o nieruchomo\u015bciach oraz dodanie zdj\u0119\u0107 i innych za\u0142\u0105cznik\u00f3w.<br \/>\nOsoby zainteresowane przegl\u0105daniem i wyszukiwaniem ofert mog\u0105 dokonywa\u0107 wyboru wed\u0142ug interesuj\u0105cych ich kryteri\u00f3w. Narz\u0119dzie do wyszukiwania ofert pozwala na ich filtrowanie wed\u0142ug kategorii takich jak lokalizacja, planowana funkcja obszaru (okre\u015blona w miejscowym planie zagospodarowania przestrzennego) czy te\u017c \u017ar\u00f3d\u0142o oferty (powiatowa, gminna, prywatna, biuro nieruchomo\u015bci). Istnieje mo\u017cliwo\u015bc wygenerowania i wydrukowania raportu &#8211; informacji o ofercie w postaci zestawienia tabelarycznego z atrybutami opisowymi i za\u0142\u0105cznikiem graficznym.<\/p>\n","protected":false},"excerpt":{"rendered":"<p>Modu\u0142 przeznaczony do prezentacji ofert inwestycyjnych i ofert sprzeda\u017cy nieruchomo\u015bci. U\u017cytkownicy z odpowiednimi uprawnieniami maj\u0105 mo\u017cliwo\u015b\u0107 publikowania ofert poprzez wkre\u015blenie zasi\u0119gu obszaru obj\u0119tego ofert\u0105, dodanie opisu zawieraj\u0105cego&#8230;<\/p>\n","protected":false},"author":3,"featured_media":2435,"parent":7118,"menu_order":160,"comment_status":"closed","ping_status":"closed","template":"p-serwisy-tematyczne.php","meta":{"_acf_changed":false,"footnotes":""},"class_list":["post-7126","page","type-page","status-publish","has-post-thumbnail","hentry"],"acf":[],"_links":{"self":[{"href":"https:\/\/wrosip.pl\/en\/wp-json\/wp\/v2\/pages\/7126","targetHints":{"allow":["GET"]}}],"collection":[{"href":"https:\/\/wrosip.pl\/en\/wp-json\/wp\/v2\/pages"}],"about":[{"href":"https:\/\/wrosip.pl\/en\/wp-json\/wp\/v2\/types\/page"}],"author":[{"embeddable":true,"href":"https:\/\/wrosip.pl\/en\/wp-json\/wp\/v2\/users\/3"}],"replies":[{"embeddable":true,"href":"https:\/\/wrosip.pl\/en\/wp-json\/wp\/v2\/comments?post=7126"}],"version-history":[{"count":4,"href":"https:\/\/wrosip.pl\/en\/wp-json\/wp\/v2\/pages\/7126\/revisions"}],"predecessor-version":[{"id":7164,"href":"https:\/\/wrosip.pl\/en\/wp-json\/wp\/v2\/pages\/7126\/revisions\/7164"}],"up":[{"embeddable":true,"href":"https:\/\/wrosip.pl\/en\/wp-json\/wp\/v2\/pages\/7118"}],"wp:featuredmedia":[{"embeddable":true,"href":"https:\/\/wrosip.pl\/en\/wp-json\/wp\/v2\/media\/2435"}],"wp:attachment":[{"href":"https:\/\/wrosip.pl\/en\/wp-json\/wp\/v2\/media?parent=7126"}],"curies":[{"name":"wp","href":"https:\/\/api.w.org\/{rel}","templated":true}]}}