{"id":7123,"date":"2020-12-15T14:43:57","date_gmt":"2020-12-15T13:43:57","guid":{"rendered":"https:\/\/wrosip.pl\/strona-glowna\/wms\/"},"modified":"2022-03-23T13:25:25","modified_gmt":"2022-03-23T12:25:25","slug":"wms","status":"publish","type":"page","link":"https:\/\/wrosip.pl\/en\/strona-glowna\/wms\/","title":{"rendered":"WMS"},"content":{"rendered":"<p>Prezentujemy us\u0142ugi WMS (Web Map Service) zawieraj\u0105ce dane dotycz\u0105ce obszaru powiatu wroc\u0142awskiego.<br \/>\nPoni\u017csza lista dost\u0119pna jest tak\u017ce bezpo\u015brednio na stronie serwisu &gt;&gt; w menu g\u0142\u00f3wnym (Plik -&gt; Dodaj WMS).<\/p>\n","protected":false},"excerpt":{"rendered":"<p>Prezentujemy us\u0142ugi WMS (Web Map Service) zawieraj\u0105ce dane dotycz\u0105ce obszaru powiatu wroc\u0142awskiego. Poni\u017csza lista dost\u0119pna jest tak\u017ce bezpo\u015brednio na stronie serwisu &gt;&gt; w menu g\u0142\u00f3wnym (Plik -&gt;&#8230;<\/p>\n","protected":false},"author":3,"featured_media":2443,"parent":7118,"menu_order":180,"comment_status":"closed","ping_status":"closed","template":"p-serwisy-tematyczne.php","meta":{"_acf_changed":false,"footnotes":""},"class_list":["post-7123","page","type-page","status-publish","has-post-thumbnail","hentry"],"acf":[],"_links":{"self":[{"href":"https:\/\/wrosip.pl\/en\/wp-json\/wp\/v2\/pages\/7123","targetHints":{"allow":["GET"]}}],"collection":[{"href":"https:\/\/wrosip.pl\/en\/wp-json\/wp\/v2\/pages"}],"about":[{"href":"https:\/\/wrosip.pl\/en\/wp-json\/wp\/v2\/types\/page"}],"author":[{"embeddable":true,"href":"https:\/\/wrosip.pl\/en\/wp-json\/wp\/v2\/users\/3"}],"replies":[{"embeddable":true,"href":"https:\/\/wrosip.pl\/en\/wp-json\/wp\/v2\/comments?post=7123"}],"version-history":[{"count":2,"href":"https:\/\/wrosip.pl\/en\/wp-json\/wp\/v2\/pages\/7123\/revisions"}],"predecessor-version":[{"id":7125,"href":"https:\/\/wrosip.pl\/en\/wp-json\/wp\/v2\/pages\/7123\/revisions\/7125"}],"up":[{"embeddable":true,"href":"https:\/\/wrosip.pl\/en\/wp-json\/wp\/v2\/pages\/7118"}],"wp:featuredmedia":[{"embeddable":true,"href":"https:\/\/wrosip.pl\/en\/wp-json\/wp\/v2\/media\/2443"}],"wp:attachment":[{"href":"https:\/\/wrosip.pl\/en\/wp-json\/wp\/v2\/media?parent=7123"}],"curies":[{"name":"wp","href":"https:\/\/api.w.org\/{rel}","templated":true}]}}