{"id":7121,"date":"2020-12-15T14:50:19","date_gmt":"2020-12-15T13:50:19","guid":{"rendered":"https:\/\/wrosip.pl\/strona-glowna\/ogolnodostepny-serwis-mapowy-webewid\/"},"modified":"2022-03-23T14:15:47","modified_gmt":"2022-03-23T13:15:47","slug":"ogolnodostepny-serwis-mapowy-webewid","status":"publish","type":"page","link":"https:\/\/wrosip.pl\/en\/strona-glowna\/ogolnodostepny-serwis-mapowy-webewid\/","title":{"rendered":"Browse maps"},"content":{"rendered":"<p>Serwis WebEWID jest prost\u0105 w obs\u0142udze aplikacj\u0105 mapow\u0105, daj\u0105c\u0105 mo\u017cliwo\u015b\u0107 wgl\u0105du do danych przestrzennych z obszaru Powiatu Wroc\u0142awskiego ka\u017cdemu u\u017cytkownikowi sieci Internet.<\/p>\n","protected":false},"excerpt":{"rendered":"<p>Serwis WebEWID jest prost\u0105 w obs\u0142udze aplikacj\u0105 mapow\u0105, daj\u0105c\u0105 mo\u017cliwo\u015b\u0107 wgl\u0105du do danych przestrzennych z obszaru Powiatu Wroc\u0142awskiego ka\u017cdemu u\u017cytkownikowi sieci Internet.<\/p>\n","protected":false},"author":3,"featured_media":2455,"parent":7118,"menu_order":240,"comment_status":"closed","ping_status":"closed","template":"p-serwisy-tematyczne.php","meta":{"_acf_changed":false,"footnotes":""},"class_list":["post-7121","page","type-page","status-publish","has-post-thumbnail","hentry"],"acf":[],"_links":{"self":[{"href":"https:\/\/wrosip.pl\/en\/wp-json\/wp\/v2\/pages\/7121","targetHints":{"allow":["GET"]}}],"collection":[{"href":"https:\/\/wrosip.pl\/en\/wp-json\/wp\/v2\/pages"}],"about":[{"href":"https:\/\/wrosip.pl\/en\/wp-json\/wp\/v2\/types\/page"}],"author":[{"embeddable":true,"href":"https:\/\/wrosip.pl\/en\/wp-json\/wp\/v2\/users\/3"}],"replies":[{"embeddable":true,"href":"https:\/\/wrosip.pl\/en\/wp-json\/wp\/v2\/comments?post=7121"}],"version-history":[{"count":2,"href":"https:\/\/wrosip.pl\/en\/wp-json\/wp\/v2\/pages\/7121\/revisions"}],"predecessor-version":[{"id":7170,"href":"https:\/\/wrosip.pl\/en\/wp-json\/wp\/v2\/pages\/7121\/revisions\/7170"}],"up":[{"embeddable":true,"href":"https:\/\/wrosip.pl\/en\/wp-json\/wp\/v2\/pages\/7118"}],"wp:featuredmedia":[{"embeddable":true,"href":"https:\/\/wrosip.pl\/en\/wp-json\/wp\/v2\/media\/2455"}],"wp:attachment":[{"href":"https:\/\/wrosip.pl\/en\/wp-json\/wp\/v2\/media?parent=7121"}],"curies":[{"name":"wp","href":"https:\/\/api.w.org\/{rel}","templated":true}]}}